{"id":6343,"date":"2022-02-16T01:45:18","date_gmt":"2022-02-16T00:45:18","guid":{"rendered":"https:\/\/www.villa-liberty.com\/chambres\/"},"modified":"2022-02-18T23:52:24","modified_gmt":"2022-02-18T22:52:24","slug":"chambres","status":"publish","type":"page","link":"https:\/\/www.villa-liberty.com\/nl\/chambres\/","title":{"rendered":"Chambres"},"content":{"rendered":"<h1>\n                        CHAMBRES                    <\/h1>\n<p>Charme proven\u00e7al, luxe et confort<\/p>\n<h2>\n                        Chambre d&#8217;H\u00f4te                    <\/h2>\n<p>Nous vous proposons 4 suites &#8216;Liberty Deluxe&#8217; dans le jardin. Dans la villa, nous avons des chambres &#8220;standard&#8221; plus \u00e9conomiques.<br \/>\n\u00c0 l&#8217;exception des chambres standard, toutes les chambres sont climatis\u00e9es.<\/p>\n<p>                                            Sort:<br \/>\n                                            <a href=\"#\" data-filter=\"*\">All<\/a><br \/>\n                    <a href=\"#\" data-filter=\"#th-portfolio-content-6210232835c82 .p-chambres-familiales\">Chambres familiales<\/a><a href=\"#\" data-filter=\"#th-portfolio-content-6210232835c82 .p-chambres-villas\">Chambres Villas<\/a><a href=\"#\" data-filter=\"#th-portfolio-content-6210232835c82 .p-salons-de-jardin\">Salons de jardin<\/a><br \/>\n                                                            <img loading=\"lazy\" decoding=\"async\" width=\"605\" height=\"605\" src=\"https:\/\/www.villa-liberty.com\/wp-content\/uploads\/2022\/02\/IMG_20200627_114709-605x605.jpg\" alt=\"\" loading=\"lazy\" \/>                                                                <\/p>\n<h3>Liberty Deluxe 54 m2<\/h3>\n<p>4 personnes, 2 doubles (lits s\u00e9parables)<\/p>\n<p>                                    <a href=\"https:\/\/www.villa-liberty.com\/fr\/room\/liberty-deluxe-54-m2\/\" ><\/a><br \/>\n                                                            <img loading=\"lazy\" decoding=\"async\" width=\"605\" height=\"605\" src=\"https:\/\/www.villa-liberty.com\/wp-content\/uploads\/2018\/05\/20210325_145509-605x605.jpg\" alt=\"\" loading=\"lazy\" \/>                                                                <\/p>\n<h3>Liberty Deluxe 42 m2<\/h3>\n<p>2 personnes, lit double<\/p>\n<p>                                    <a href=\"https:\/\/www.villa-liberty.com\/fr\/room\/liberty-deluxe-suite-42-m2-2\/\" ><\/a><br \/>\n                                                            <img loading=\"lazy\" decoding=\"async\" width=\"605\" height=\"605\" src=\"https:\/\/www.villa-liberty.com\/wp-content\/uploads\/2018\/05\/20210325_1447052-605x605.jpg\" alt=\"\" loading=\"lazy\" \/><br \/>\n                                                                            Liberty Deluxe 42 m2<\/p>\n<h3>Liberty Deluxe 42 m2<\/h3>\n<p>2 personnes, lit double<\/p>\n<p>                                    <a href=\"https:\/\/www.villa-liberty.com\/fr\/room\/liberty-deluxe-suite-42-m2\/\" ><\/a><br \/>\n                                                            <img loading=\"lazy\" decoding=\"async\" width=\"605\" height=\"605\" src=\"https:\/\/www.villa-liberty.com\/wp-content\/uploads\/2018\/05\/E7A2744-605x605.jpg\" alt=\"Liberty Deluxe 35 m2\" loading=\"lazy\" \/>                                                                <\/p>\n<h3>Liberty Deluxe 36 m2<\/h3>\n<p>4 personnes, 2 doubles (lits s\u00e9parables)<\/p>\n<p>                                    <a href=\"https:\/\/www.villa-liberty.com\/fr\/room\/liberty-deluxe-garden-36-m2\/\" ><\/a><br \/>\n                                                            <img loading=\"lazy\" decoding=\"async\" width=\"605\" height=\"605\" src=\"https:\/\/www.villa-liberty.com\/wp-content\/uploads\/2018\/05\/E7A2858-605x605.jpg\" alt=\"Liberty standard 18 m2\" loading=\"lazy\" \/>                                                                <\/p>\n<h3>Liberty standard room 18 m2<\/h3>\n<p>2 personnes, lit double<\/p>\n<p>                                    <a href=\"https:\/\/www.villa-liberty.com\/fr\/room\/chambre-standard-liberte-18-m2\/\" ><\/a>                                <\/p>\n<h2>\n                        DES QUESTIONS?                    <\/h2>\n<\/p>\n<h4>\n                        Envoyez-nous un e-mail<br \/>\n                    <\/h4>\n<p>Nous vous r\u00e9pondrons dans les plus brefs d\u00e9lais<\/p>\n<form enctype=\"multipart\/form-data\" method=\"post\" id=\"form_contact3\"  >\n<fieldset>\n<input type=\"hidden\" name=\"frm_action\" value=\"create\" \/><br \/>\n<input type=\"hidden\" name=\"form_id\" value=\"7\" \/><br \/>\n<input type=\"hidden\" name=\"frm_hide_fields_7\" id=\"frm_hide_fields_7\" value=\"\" \/><br \/>\n<input type=\"hidden\" name=\"form_key\" value=\"contact3\" \/><br \/>\n<input type=\"hidden\" name=\"item_meta[0]\" value=\"\" \/><br \/>\n<input type=\"hidden\" id=\"frm_submit_entry_7\" name=\"frm_submit_entry_7\" value=\"28efad36ec\" \/><input type=\"hidden\" name=\"_wp_http_referer\" value=\"\/wp-admin\/admin-ajax.php\" \/><br \/>\n    <label for=\"field_xipbjr3\">Name<br \/>\n        *<br \/>\n    <\/label><br \/>\n    <input type=\"text\" id=\"field_xipbjr3\" name=\"item_meta[27]\" value=\"\"  placeholder=\"Name\" data-reqmsg=\"This field cannot be blank.\" aria-required=\"true\" data-invmsg=\"Name is ongeldig\" aria-invalid=\"false\"  \/><br \/>\n    <label for=\"field_jaehy83\">Email<br \/>\n        *<br \/>\n    <\/label><br \/>\n    <input type=\"text\" id=\"field_jaehy83\" name=\"item_meta[29]\" value=\"\"  placeholder=\"Email\" data-reqmsg=\"This field cannot be blank.\" aria-required=\"true\" data-invmsg=\"Email is ongeldig\" aria-invalid=\"false\"  \/><br \/>\n    <label for=\"field_cqpguu3\">Phone<br \/>\n    <\/label><br \/>\n    <input type=\"text\" id=\"field_cqpguu3\" name=\"item_meta[31]\" value=\"\"  placeholder=\"Phone\" data-invmsg=\"Phone is ongeldig\" aria-invalid=\"false\"  \/><br \/>\n    <label for=\"field_w7ueyk3\">Subject<br \/>\n        *<br \/>\n    <\/label><br \/>\n    <input type=\"text\" id=\"field_w7ueyk3\" name=\"item_meta[33]\" value=\"\"  placeholder=\"Subject\" data-reqmsg=\"This field cannot be blank.\" aria-required=\"true\" data-invmsg=\"Subject is ongeldig\" aria-invalid=\"false\"  \/><br \/>\n    <label for=\"field_kggkvh3\">Message<br \/>\n        *<br \/>\n    <\/label><br \/>\n    <textarea name=\"item_meta[35]\" id=\"field_kggkvh3\" rows=\"5\"  placeholder=\"Message\" data-reqmsg=\"This field cannot be blank.\" aria-required=\"true\" data-invmsg=\"Message est non valide\" aria-invalid=\"false\"  ><\/textarea><br \/>\n<label><input name=\"mc4wp-subscribe\" type=\"checkbox\" value=\"1\" \/>  Schrijf je in op onze nieuwsbrief.<\/label><br \/>\n    <label >reCAPTCHA<br \/>\n    <\/label><br \/>\n\t<input type=\"hidden\" name=\"item_key\" value=\"\" \/><br \/>\n<input type=\"submit\" value=\"Send\"  \/><br \/>\n<img decoding=\"async\" src=\"https:\/\/www.villa-liberty.com\/wp-content\/plugins\/formidable\/images\/ajax_loader.gif\" alt=\"Sending\" style=\"visibility:hidden;\" \/><br \/>\n<\/fieldset>\n<\/form>\n","protected":false},"excerpt":{"rendered":"<p>CHAMBRES Charme proven\u00e7al, luxe et confort Chambre d&#8217;H\u00f4te Nous vous proposons 4 suites &#8216;Liberty Deluxe&#8217; dans le jardin. Dans la villa, nous avons des chambres &#8220;standard&#8221; plus \u00e9conomiques. \u00c0 l&#8217;exception des chambres standard, toutes les chambres sont climatis\u00e9es. Sort: All &hellip; <a href=\"https:\/\/www.villa-liberty.com\/nl\/chambres\/\">Read More<\/a><\/p>\n","protected":false},"author":3,"featured_media":0,"parent":0,"menu_order":7,"comment_status":"closed","ping_status":"closed","template":"","meta":{"footnotes":""},"class_list":["post-6343","page","type-page","status-publish","hentry"],"_links":{"self":[{"href":"https:\/\/www.villa-liberty.com\/nl\/wp-json\/wp\/v2\/pages\/6343","targetHints":{"allow":["GET"]}}],"collection":[{"href":"https:\/\/www.villa-liberty.com\/nl\/wp-json\/wp\/v2\/pages"}],"about":[{"href":"https:\/\/www.villa-liberty.com\/nl\/wp-json\/wp\/v2\/types\/page"}],"author":[{"embeddable":true,"href":"https:\/\/www.villa-liberty.com\/nl\/wp-json\/wp\/v2\/users\/3"}],"replies":[{"embeddable":true,"href":"https:\/\/www.villa-liberty.com\/nl\/wp-json\/wp\/v2\/comments?post=6343"}],"version-history":[{"count":2,"href":"https:\/\/www.villa-liberty.com\/nl\/wp-json\/wp\/v2\/pages\/6343\/revisions"}],"predecessor-version":[{"id":7167,"href":"https:\/\/www.villa-liberty.com\/nl\/wp-json\/wp\/v2\/pages\/6343\/revisions\/7167"}],"wp:attachment":[{"href":"https:\/\/www.villa-liberty.com\/nl\/wp-json\/wp\/v2\/media?parent=6343"}],"curies":[{"name":"wp","href":"https:\/\/api.w.org\/{rel}","templated":true}]}}