{"id":3489,"date":"2018-05-14T19:40:11","date_gmt":"2018-05-14T19:40:11","guid":{"rendered":"https:\/\/www.villa-liberty.com\/zimmer\/"},"modified":"2022-02-19T00:08:06","modified_gmt":"2022-02-18T23:08:06","slug":"zimmer","status":"publish","type":"page","link":"https:\/\/www.villa-liberty.com\/nl\/zimmer\/","title":{"rendered":"Zimmer"},"content":{"rendered":"<h1>\n                        ZIMMER                    <\/h1>\n<p><p>Provencal Charme, Luxus und Komfort<\/p>\n<\/p>\n<h2>\n                        Chambre d&#8217;H\u00f4te                    <\/h2>\n<p><p>Wir bieten 4 &#8216;Liberty Deluxe&#8217; Suiten im Garten an. In der Villa haben wir g\u00fcnstigere &#8220;Standard&#8221;-Zimmer.<\/p>\n<p>Au\u00dfer den Standardzimmern haben alle Zimmer eine Klimaanlage.<\/p>\n<\/p>\n<p>                                            Sort:<br \/>\n                                            <a href=\"#\" data-filter=\"*\">All<\/a><br \/>\n                    <a href=\"#\" data-filter=\"#th-portfolio-content-621026d62a752 .p-familienzimmer\">Familienzimmer<\/a><a href=\"#\" data-filter=\"#th-portfolio-content-621026d62a752 .p-gartenzimmer\">Gartenzimmer<\/a><a href=\"#\" data-filter=\"#th-portfolio-content-621026d62a752 .p-villenzimmer\">Villenzimmer<\/a><br \/>\n                                                            <img loading=\"lazy\" decoding=\"async\" width=\"605\" height=\"605\" src=\"https:\/\/www.villa-liberty.com\/wp-content\/uploads\/2018\/05\/E7A2858-605x605.jpg\" alt=\"Liberty standard 18 m2\" loading=\"lazy\" \/>                                                                <\/p>\n<h3>Liberty standard room 18 m2<\/h3>\n<p>2 Personen, Doppelbett<\/p>\n<p>                                    <a href=\"https:\/\/www.villa-liberty.com\/de\/room\/liberty-standard-room-18-m2\/\" ><\/a><br \/>\n                                                            <img loading=\"lazy\" decoding=\"async\" width=\"605\" height=\"605\" src=\"https:\/\/www.villa-liberty.com\/wp-content\/uploads\/2018\/05\/E7A2744-605x605.jpg\" alt=\"Liberty Deluxe 35 m2\" loading=\"lazy\" \/>                                                                <\/p>\n<h3>Liberty Deluxe 36 m2<\/h3>\n<p>2 Personen, Doppelbett<\/p>\n<p>                                    <a href=\"https:\/\/www.villa-liberty.com\/de\/room\/liberty-deluxe-garden-36-m2\/\" ><\/a><br \/>\n                                                            <img loading=\"lazy\" decoding=\"async\" width=\"605\" height=\"605\" src=\"https:\/\/www.villa-liberty.com\/wp-content\/uploads\/2018\/05\/20210325_145509-605x605.jpg\" alt=\"\" loading=\"lazy\" \/>                                                                <\/p>\n<h3>Liberty Deluxe 42 m2<\/h3>\n<p>2 Personen, Doppelbett<\/p>\n<p>                                    <a href=\"https:\/\/www.villa-liberty.com\/de\/room\/liberty-deluxe-suite-42-m2-2\/\" ><\/a><br \/>\n                                                            <img loading=\"lazy\" decoding=\"async\" width=\"605\" height=\"605\" src=\"https:\/\/www.villa-liberty.com\/wp-content\/uploads\/2018\/05\/20210325_1447052-605x605.jpg\" alt=\"\" loading=\"lazy\" \/><br \/>\n                                                                            Liberty Deluxe 42 m2<\/p>\n<h3>Liberty Deluxe 42 m2<\/h3>\n<p>2 Personen, Doppelbett<\/p>\n<p>                                    <a href=\"https:\/\/www.villa-liberty.com\/de\/room\/liberty-deluxe-suite-42-m2\/\" ><\/a><br \/>\n                                                            <img loading=\"lazy\" decoding=\"async\" width=\"605\" height=\"605\" src=\"https:\/\/www.villa-liberty.com\/wp-content\/uploads\/2022\/02\/IMG_20200627_114709-605x605.jpg\" alt=\"\" loading=\"lazy\" \/>                                                                <\/p>\n<h3>Liberty Deluxe 54 m2<\/h3>\n<p>4 Personen, 2 Doppelbetten (teilbar)<\/p>\n<p>                                    <a href=\"https:\/\/www.villa-liberty.com\/de\/room\/liberty-deluxe-54-m2\/\" ><\/a>                                <\/p>\n<h2>\n                        FRAGEN?                    <\/h2>\n<\/p>\n<h4>\n                        Senden Sie uns eine Email<br \/>\n                    <\/h4>\n<p><p>Wir werden uns so schnell wie m\u00f6glich bei Ihnen melden<\/p>\n<\/p>\n<form enctype=\"multipart\/form-data\" method=\"post\" id=\"form_contact3\"  >\n<fieldset>\n<input type=\"hidden\" name=\"frm_action\" value=\"create\" \/><br \/>\n<input type=\"hidden\" name=\"form_id\" value=\"7\" \/><br \/>\n<input type=\"hidden\" name=\"frm_hide_fields_7\" id=\"frm_hide_fields_7\" value=\"\" \/><br \/>\n<input type=\"hidden\" name=\"form_key\" value=\"contact3\" \/><br \/>\n<input type=\"hidden\" name=\"item_meta[0]\" value=\"\" \/><br \/>\n<input type=\"hidden\" id=\"frm_submit_entry_7\" name=\"frm_submit_entry_7\" value=\"28efad36ec\" \/><input type=\"hidden\" name=\"_wp_http_referer\" value=\"\/wp-admin\/admin-ajax.php\" \/><br \/>\n    <label for=\"field_xipbjr3\">Name<br \/>\n        *<br \/>\n    <\/label><br \/>\n    <input type=\"text\" id=\"field_xipbjr3\" name=\"item_meta[27]\" value=\"\"  placeholder=\"Name\" data-reqmsg=\"This field cannot be blank.\" aria-required=\"true\" data-invmsg=\"Name is ongeldig\" aria-invalid=\"false\"  \/><br \/>\n    <label for=\"field_jaehy83\">Email<br \/>\n        *<br \/>\n    <\/label><br \/>\n    <input type=\"text\" id=\"field_jaehy83\" name=\"item_meta[29]\" value=\"\"  placeholder=\"Email\" data-reqmsg=\"This field cannot be blank.\" aria-required=\"true\" data-invmsg=\"Email is ongeldig\" aria-invalid=\"false\"  \/><br \/>\n    <label for=\"field_cqpguu3\">Phone<br \/>\n    <\/label><br \/>\n    <input type=\"text\" id=\"field_cqpguu3\" name=\"item_meta[31]\" value=\"\"  placeholder=\"Phone\" data-invmsg=\"Phone is ongeldig\" aria-invalid=\"false\"  \/><br \/>\n    <label for=\"field_w7ueyk3\">Subject<br \/>\n        *<br \/>\n    <\/label><br \/>\n    <input type=\"text\" id=\"field_w7ueyk3\" name=\"item_meta[33]\" value=\"\"  placeholder=\"Subject\" data-reqmsg=\"This field cannot be blank.\" aria-required=\"true\" data-invmsg=\"Subject is ongeldig\" aria-invalid=\"false\"  \/><br \/>\n    <label for=\"field_kggkvh3\">Message<br \/>\n        *<br \/>\n    <\/label><br \/>\n    <textarea name=\"item_meta[35]\" id=\"field_kggkvh3\" rows=\"5\"  placeholder=\"Message\" data-reqmsg=\"This field cannot be blank.\" aria-required=\"true\" data-invmsg=\"Message ist ung\u00fcltig\" aria-invalid=\"false\"  ><\/textarea><br \/>\n<label><input name=\"mc4wp-subscribe\" type=\"checkbox\" value=\"1\" \/>  Schrijf je in op onze nieuwsbrief.<\/label><br \/>\n    <label >reCAPTCHA<br \/>\n    <\/label><br \/>\n\t<input type=\"hidden\" name=\"item_key\" value=\"\" \/><br \/>\n<input type=\"submit\" value=\"Send\"  \/><br \/>\n<img decoding=\"async\" src=\"https:\/\/www.villa-liberty.com\/wp-content\/plugins\/formidable\/images\/ajax_loader.gif\" alt=\"Sending\" style=\"visibility:hidden;\" \/><br \/>\n<\/fieldset>\n<\/form>\n","protected":false},"excerpt":{"rendered":"<p>ZIMMER Provencal Charme, Luxus und Komfort Chambre d&#8217;H\u00f4te Wir bieten 4 &#8216;Liberty Deluxe&#8217; Suiten im Garten an. In der Villa haben wir g\u00fcnstigere &#8220;Standard&#8221;-Zimmer. Au\u00dfer den Standardzimmern haben alle Zimmer eine Klimaanlage. Sort: All FamilienzimmerGartenzimmerVillenzimmer Liberty standard room 18 m2 &hellip; <a href=\"https:\/\/www.villa-liberty.com\/nl\/zimmer\/\">Read More<\/a><\/p>\n","protected":false},"author":3,"featured_media":0,"parent":0,"menu_order":7,"comment_status":"closed","ping_status":"closed","template":"","meta":{"footnotes":""},"class_list":["post-3489","page","type-page","status-publish","hentry"],"_links":{"self":[{"href":"https:\/\/www.villa-liberty.com\/nl\/wp-json\/wp\/v2\/pages\/3489","targetHints":{"allow":["GET"]}}],"collection":[{"href":"https:\/\/www.villa-liberty.com\/nl\/wp-json\/wp\/v2\/pages"}],"about":[{"href":"https:\/\/www.villa-liberty.com\/nl\/wp-json\/wp\/v2\/types\/page"}],"author":[{"embeddable":true,"href":"https:\/\/www.villa-liberty.com\/nl\/wp-json\/wp\/v2\/users\/3"}],"replies":[{"embeddable":true,"href":"https:\/\/www.villa-liberty.com\/nl\/wp-json\/wp\/v2\/comments?post=3489"}],"version-history":[{"count":2,"href":"https:\/\/www.villa-liberty.com\/nl\/wp-json\/wp\/v2\/pages\/3489\/revisions"}],"predecessor-version":[{"id":7209,"href":"https:\/\/www.villa-liberty.com\/nl\/wp-json\/wp\/v2\/pages\/3489\/revisions\/7209"}],"wp:attachment":[{"href":"https:\/\/www.villa-liberty.com\/nl\/wp-json\/wp\/v2\/media?parent=3489"}],"curies":[{"name":"wp","href":"https:\/\/api.w.org\/{rel}","templated":true}]}}