{"id":4197,"date":"2018-05-15T12:32:02","date_gmt":"2018-05-15T12:32:02","guid":{"rendered":"https:\/\/www.villa-liberty.com\/about-2\/"},"modified":"2026-01-25T20:07:43","modified_gmt":"2026-01-25T19:07:43","slug":"about-2","status":"publish","type":"page","link":"https:\/\/www.villa-liberty.com\/en\/about-2\/","title":{"rendered":"\u00c0 propos"},"content":{"rendered":"\t\t<div data-elementor-type=\"wp-post\" data-elementor-id=\"4197\" class=\"elementor elementor-4197 elementor-3185\" data-elementor-post-type=\"page\">\n\t\t\t\t\t\t<section class=\"th-parallax elementor-section elementor-top-section elementor-element elementor-element-5d791be elementor-section-height-min-height elementor-section-boxed elementor-section-height-default elementor-section-items-middle\" data-parallax=\"scroll\" data-image-src=\"https:\/\/www.villa-liberty.com\/wp-content\/uploads\/2025\/08\/IMG_6152-1-scaled.jpg\" data-id=\"5d791be\" data-element_type=\"section\" data-e-type=\"section\" data-settings=\"{&quot;background_background&quot;:&quot;classic&quot;}\">\n\t\t\t\t\t\t\t<div class=\"elementor-background-overlay\"><\/div>\n\t\t\t\t\t\t\t<div class=\"elementor-container elementor-column-gap-default\">\n\t\t\t\t\t<div class=\"elementor-column elementor-col-100 elementor-top-column elementor-element elementor-element-0ade104\" data-id=\"0ade104\" data-element_type=\"column\" data-e-type=\"column\">\n\t\t\t<div class=\"elementor-widget-wrap elementor-element-populated\">\n\t\t\t\t\t\t<div class=\"elementor-element elementor-element-a907534 elementor-view-default elementor-position-top elementor-widget elementor-widget-themo-header\" data-id=\"a907534\" data-element_type=\"widget\" data-e-type=\"widget\" data-widget_type=\"themo-header.default\">\n\t\t\t\t<div class=\"elementor-widget-container\">\n\t\t\t\t\t\t\t<div class=\"th-header-wrap\">\n        <div class=\"elementor-icon-box-wrapper \">\n                            <div class=\"elementor-icon-box-content\">\n                    <h1 class=\"elementor-icon-box-title\">\n                        \u00c0 propos de nous                    <\/h1>\n                                        <p class=\"elementor-icon-box-description\"><\/p>\n\n                                    <\/div>\n            <\/div>\n\n        <\/div>\n\n\t\t\t\t\t\t<\/div>\n\t\t\t\t<\/div>\n\t\t\t\t\t<\/div>\n\t\t<\/div>\n\t\t\t\t\t<\/div>\n\t\t<\/section>\n\t\t\t\t<section class=\"elementor-section elementor-top-section elementor-element elementor-element-cb096b6 elementor-section-boxed elementor-section-height-default elementor-section-height-default\" data-id=\"cb096b6\" data-element_type=\"section\" data-e-type=\"section\">\n\t\t\t\t\t\t<div class=\"elementor-container elementor-column-gap-default\">\n\t\t\t\t\t<div class=\"elementor-column elementor-col-100 elementor-top-column elementor-element elementor-element-60da3bf\" data-id=\"60da3bf\" data-element_type=\"column\" data-e-type=\"column\">\n\t\t\t<div class=\"elementor-widget-wrap elementor-element-populated\">\n\t\t\t\t\t\t<div class=\"elementor-element elementor-element-764ba88 elementor-widget elementor-widget-spacer\" data-id=\"764ba88\" data-element_type=\"widget\" data-e-type=\"widget\" data-widget_type=\"spacer.default\">\n\t\t\t\t<div class=\"elementor-widget-container\">\n\t\t\t\t\t\t\t<div class=\"elementor-spacer\">\n\t\t\t<div class=\"elementor-spacer-inner\"><\/div>\n\t\t<\/div>\n\t\t\t\t\t\t<\/div>\n\t\t\t\t<\/div>\n\t\t\t\t\t<\/div>\n\t\t<\/div>\n\t\t\t\t\t<\/div>\n\t\t<\/section>\n\t\t\t\t<section class=\"elementor-section elementor-top-section elementor-element elementor-element-e83b5cf elementor-section-boxed elementor-section-height-default elementor-section-height-default\" data-id=\"e83b5cf\" data-element_type=\"section\" data-e-type=\"section\">\n\t\t\t\t\t\t<div class=\"elementor-container elementor-column-gap-default\">\n\t\t\t\t\t<div class=\"elementor-column elementor-col-50 elementor-top-column elementor-element elementor-element-3a25d9b\" data-id=\"3a25d9b\" data-element_type=\"column\" data-e-type=\"column\">\n\t\t\t<div class=\"elementor-widget-wrap elementor-element-populated\">\n\t\t\t\t\t\t<div class=\"elementor-element elementor-element-ff70d12 elementor-widget elementor-widget-heading\" data-id=\"ff70d12\" data-element_type=\"widget\" data-e-type=\"widget\" data-widget_type=\"heading.default\">\n\t\t\t\t<div class=\"elementor-widget-container\">\n\t\t\t\t\t<h2 class=\"elementor-heading-title elementor-size-default\">Influence n\u00e9erlandaise<\/h2>\t\t\t\t<\/div>\n\t\t\t\t<\/div>\n\t\t\t\t<div class=\"elementor-element elementor-element-a353aad elementor-widget elementor-widget-text-editor\" data-id=\"a353aad\" data-element_type=\"widget\" data-e-type=\"widget\" data-widget_type=\"text-editor.default\">\n\t\t\t\t<div class=\"elementor-widget-container\">\n\t\t\t\t\t\t\t\t\t<p id=\"tw-target-text\" class=\"tw-data-text tw-text-large tw-ta\" dir=\"ltr\" data-placeholder=\"Vertaling\" data-ved=\"2ahUKEwjn0tDe_YmLAxVMnf0HHVDKNKIQ3ewLegQIBBAU\" aria-label=\"Vertaalde tekst: Villa Liberty has been owned by a Dutch family since 2016. Liberty stands for freedom and that's how it feels. Your host and hostess are Stijn and Lotte. For us, it's all about enjoying the good life in a relaxed atmosphere. We love being outside and enjoying the nature around us. Taste the delicious products from our kitchen and enjoy the peace and quiet around you. You will immediately feel at home with us. We look forward to offering you a pleasant stay in our luxurious location in the middle of Provence. See you soon! Lotte &amp; Stijn\"><span class=\"Y2IQFc\" lang=\"en\">La Villa Liberty appartient \u00e0 une famille n\u00e9erlandaise depuis 2016. Liberty est synonyme de libert\u00e9 et c&#8217;est ce que l&#8217;on ressent. <\/span><\/p><p class=\"tw-data-text tw-text-large tw-ta\" dir=\"ltr\" data-placeholder=\"Vertaling\" data-ved=\"2ahUKEwjn0tDe_YmLAxVMnf0HHVDKNKIQ3ewLegQIBBAU\" aria-label=\"Vertaalde tekst: Villa Liberty has been owned by a Dutch family since 2016. Liberty stands for freedom and that's how it feels. Your host and hostess are Stijn and Lotte. For us, it's all about enjoying the good life in a relaxed atmosphere. We love being outside and enjoying the nature around us. Taste the delicious products from our kitchen and enjoy the peace and quiet around you. You will immediately feel at home with us. We look forward to offering you a pleasant stay in our luxurious location in the middle of Provence. See you soon! Lotte &amp; Stijn\"><span class=\"Y2IQFc\" lang=\"en\">Vos h\u00f4tes sont Stijn et Lotte. Pour nous, il s&#8217;agit de profiter de la belle vie dans une atmosph\u00e8re d\u00e9tendue. Nous aimons \u00eatre dehors et profiter de la nature qui nous entoure. Go\u00fbtez aux d\u00e9licieux produits de notre cuisine et profitez du calme et de la tranquillit\u00e9 qui vous entourent. Vous vous sentirez imm\u00e9diatement chez vous avec nous. <\/span><\/p><p class=\"tw-data-text tw-text-large tw-ta\" dir=\"ltr\" data-placeholder=\"Vertaling\" data-ved=\"2ahUKEwjn0tDe_YmLAxVMnf0HHVDKNKIQ3ewLegQIBBAU\" aria-label=\"Vertaalde tekst: Villa Liberty has been owned by a Dutch family since 2016. Liberty stands for freedom and that's how it feels. Your host and hostess are Stijn and Lotte. For us, it's all about enjoying the good life in a relaxed atmosphere. We love being outside and enjoying the nature around us. Taste the delicious products from our kitchen and enjoy the peace and quiet around you. You will immediately feel at home with us. We look forward to offering you a pleasant stay in our luxurious location in the middle of Provence. See you soon! Lotte &amp; Stijn\"><span class=\"Y2IQFc\" lang=\"en\">Nous sommes impatients de vous offrir un agr\u00e9able s\u00e9jour dans notre luxueux \u00e9tablissement au c\u0153ur de la Provence. <\/span><\/p><p class=\"tw-data-text tw-text-large tw-ta\" dir=\"ltr\" data-placeholder=\"Vertaling\" data-ved=\"2ahUKEwjn0tDe_YmLAxVMnf0HHVDKNKIQ3ewLegQIBBAU\" aria-label=\"Vertaalde tekst: Villa Liberty has been owned by a Dutch family since 2016. Liberty stands for freedom and that's how it feels. Your host and hostess are Stijn and Lotte. For us, it's all about enjoying the good life in a relaxed atmosphere. We love being outside and enjoying the nature around us. Taste the delicious products from our kitchen and enjoy the peace and quiet around you. You will immediately feel at home with us. We look forward to offering you a pleasant stay in our luxurious location in the middle of Provence. See you soon! Lotte &amp; Stijn\"><span class=\"Y2IQFc\" lang=\"en\">\u00c0 bient\u00f4t ! <\/span><\/p><p class=\"tw-data-text tw-text-large tw-ta\" dir=\"ltr\" data-placeholder=\"Vertaling\" data-ved=\"2ahUKEwjn0tDe_YmLAxVMnf0HHVDKNKIQ3ewLegQIBBAU\" aria-label=\"Vertaalde tekst: Villa Liberty has been owned by a Dutch family since 2016. Liberty stands for freedom and that's how it feels. Your host and hostess are Stijn and Lotte. For us, it's all about enjoying the good life in a relaxed atmosphere. We love being outside and enjoying the nature around us. Taste the delicious products from our kitchen and enjoy the peace and quiet around you. You will immediately feel at home with us. We look forward to offering you a pleasant stay in our luxurious location in the middle of Provence. See you soon! Lotte &amp; Stijn\"><span class=\"Y2IQFc\" lang=\"en\">Lotte et Stijn<\/span><\/p>\t\t\t\t\t\t\t\t<\/div>\n\t\t\t\t<\/div>\n\t\t\t\t\t<\/div>\n\t\t<\/div>\n\t\t\t\t<div class=\"elementor-column elementor-col-50 elementor-top-column elementor-element elementor-element-50af785\" data-id=\"50af785\" data-element_type=\"column\" data-e-type=\"column\">\n\t\t\t<div class=\"elementor-widget-wrap elementor-element-populated\">\n\t\t\t\t\t\t<div class=\"elementor-element elementor-element-c08fe19 elementor-widget elementor-widget-image\" data-id=\"c08fe19\" data-element_type=\"widget\" data-e-type=\"widget\" data-widget_type=\"image.default\">\n\t\t\t\t<div class=\"elementor-widget-container\">\n\t\t\t\t\t\t\t\t\t\t\t\t<figure class=\"wp-caption\">\n\t\t\t\t\t\t\t\t\t\t<img fetchpriority=\"high\" decoding=\"async\" width=\"394\" height=\"512\" src=\"https:\/\/www.villa-liberty.com\/wp-content\/uploads\/2025\/08\/Screenshot-2025-08-15-at-14.47.38-394x512.png\" class=\"attachment-th_img_sm_portrait size-th_img_sm_portrait wp-image-8109\" alt=\"\" \/>\t\t\t\t\t\t\t\t\t\t\t<figcaption class=\"widget-image-caption wp-caption-text\"><\/figcaption>\n\t\t\t\t\t\t\t\t\t\t<\/figure>\n\t\t\t\t\t\t\t\t\t<\/div>\n\t\t\t\t<\/div>\n\t\t\t\t\t<\/div>\n\t\t<\/div>\n\t\t\t\t\t<\/div>\n\t\t<\/section>\n\t\t\t\t<section class=\"elementor-section elementor-top-section elementor-element elementor-element-7251dec elementor-section-boxed elementor-section-height-default elementor-section-height-default\" data-id=\"7251dec\" data-element_type=\"section\" data-e-type=\"section\">\n\t\t\t\t\t\t<div class=\"elementor-container elementor-column-gap-default\">\n\t\t\t\t\t<div class=\"elementor-column elementor-col-100 elementor-top-column elementor-element elementor-element-f0ab21a\" data-id=\"f0ab21a\" data-element_type=\"column\" data-e-type=\"column\">\n\t\t\t<div class=\"elementor-widget-wrap elementor-element-populated\">\n\t\t\t\t\t\t<div class=\"elementor-element elementor-element-74ba898 elementor-widget elementor-widget-image\" data-id=\"74ba898\" data-element_type=\"widget\" data-e-type=\"widget\" data-widget_type=\"image.default\">\n\t\t\t\t<div class=\"elementor-widget-container\">\n\t\t\t\t\t\t\t\t\t\t\t\t\t\t\t<img decoding=\"async\" width=\"1024\" height=\"683\" src=\"https:\/\/www.villa-liberty.com\/wp-content\/uploads\/2026\/01\/IMG_2961-1-1-1024x683.jpg\" class=\"attachment-large size-large wp-image-8610\" alt=\"\" srcset=\"https:\/\/www.villa-liberty.com\/wp-content\/uploads\/2026\/01\/IMG_2961-1-1-1024x683.jpg 1024w, https:\/\/www.villa-liberty.com\/wp-content\/uploads\/2026\/01\/IMG_2961-1-1-300x200.jpg 300w, https:\/\/www.villa-liberty.com\/wp-content\/uploads\/2026\/01\/IMG_2961-1-1-768x512.jpg 768w, https:\/\/www.villa-liberty.com\/wp-content\/uploads\/2026\/01\/IMG_2961-1-1-1536x1024.jpg 1536w, https:\/\/www.villa-liberty.com\/wp-content\/uploads\/2026\/01\/IMG_2961-1-1-150x100.jpg 150w, https:\/\/www.villa-liberty.com\/wp-content\/uploads\/2026\/01\/IMG_2961-1-1-120x80.jpg 120w, https:\/\/www.villa-liberty.com\/wp-content\/uploads\/2026\/01\/IMG_2961-1-1-394x263.jpg 394w, https:\/\/www.villa-liberty.com\/wp-content\/uploads\/2026\/01\/IMG_2961-1-1-915x610.jpg 915w, https:\/\/www.villa-liberty.com\/wp-content\/uploads\/2026\/01\/IMG_2961-1-1-1240x826.jpg 1240w, https:\/\/www.villa-liberty.com\/wp-content\/uploads\/2026\/01\/IMG_2961-1-1-1620x1080.jpg 1620w, https:\/\/www.villa-liberty.com\/wp-content\/uploads\/2026\/01\/IMG_2961-1-1.jpg 2048w\" sizes=\"(max-width: 1024px) 100vw, 1024px\" \/>\t\t\t\t\t\t\t\t\t\t\t\t\t\t\t<\/div>\n\t\t\t\t<\/div>\n\t\t\t\t\t<\/div>\n\t\t<\/div>\n\t\t\t\t\t<\/div>\n\t\t<\/section>\n\t\t\t\t<\/div>\n\t\t","protected":false},"excerpt":{"rendered":"<p>\u00c0 propos de nous Influence n\u00e9erlandaise La Villa Liberty appartient \u00e0 une famille n\u00e9erlandaise depuis 2016. Liberty est synonyme de libert\u00e9 et c&#8217;est ce que l&#8217;on ressent. Vos h\u00f4tes sont Stijn et Lotte. Pour nous, il s&#8217;agit de profiter de &hellip; <a href=\"https:\/\/www.villa-liberty.com\/en\/about-2\/\">Read More<\/a><\/p>\n","protected":false},"author":3,"featured_media":0,"parent":0,"menu_order":0,"comment_status":"closed","ping_status":"closed","template":"","meta":{"footnotes":""},"class_list":["post-4197","page","type-page","status-publish","hentry"],"_links":{"self":[{"href":"https:\/\/www.villa-liberty.com\/en\/wp-json\/wp\/v2\/pages\/4197","targetHints":{"allow":["GET"]}}],"collection":[{"href":"https:\/\/www.villa-liberty.com\/en\/wp-json\/wp\/v2\/pages"}],"about":[{"href":"https:\/\/www.villa-liberty.com\/en\/wp-json\/wp\/v2\/types\/page"}],"author":[{"embeddable":true,"href":"https:\/\/www.villa-liberty.com\/en\/wp-json\/wp\/v2\/users\/3"}],"replies":[{"embeddable":true,"href":"https:\/\/www.villa-liberty.com\/en\/wp-json\/wp\/v2\/comments?post=4197"}],"version-history":[{"count":13,"href":"https:\/\/www.villa-liberty.com\/en\/wp-json\/wp\/v2\/pages\/4197\/revisions"}],"predecessor-version":[{"id":8617,"href":"https:\/\/www.villa-liberty.com\/en\/wp-json\/wp\/v2\/pages\/4197\/revisions\/8617"}],"wp:attachment":[{"href":"https:\/\/www.villa-liberty.com\/en\/wp-json\/wp\/v2\/media?parent=4197"}],"curies":[{"name":"wp","href":"https:\/\/api.w.org\/{rel}","templated":true}]}}